{"id":6260,"date":"2022-09-29T11:48:53","date_gmt":"2022-09-29T11:48:53","guid":{"rendered":"https:\/\/demo.wpzoom.com\/persona\/?page_id=6"},"modified":"2025-05-01T20:31:03","modified_gmt":"2025-05-01T20:31:03","slug":"contact","status":"publish","type":"page","link":"https:\/\/filizyildiz.com\/tr_tr\/contact\/","title":{"rendered":"Contact"},"content":{"rendered":"<div style=\"background-color: #000; color: #ddd; padding: 30px 20px; font-size: 14px; line-height: 1.8;\">\n<h2 style=\"color: #fff; font-size: 18px; text-align: center; margin-bottom: 20px;\">K\u00fcnye \/ Impressum<\/h2>\n<p><strong>Site Sahibi \/ Verantwortlich f\u00fcr den Inhalt:<\/strong><br \/>\n  One Management SL<\/p>\n<p><strong>\u0130leti\u015fim \/ Kontakt:<\/strong><br \/>\n  E-posta \/ E-Mail: <a href=\"mailto:contact@filizyildiz.com\" style=\"color: #ddd; text-decoration: underline;\">contact@filizyildiz.com<\/a><br \/>\n E-posta \/ E-Mail: <a href=\"mailto:management@filizyildiz.com\" style=\"color: #ddd; text-decoration: underline;\">management@filizyildiz.com<\/a><br \/>\n  Telefon: +34910780234<\/p>\n<p><strong>Adres \/ Adresse:<\/strong><br \/>\n  Carrer de Ramon Turr\u00f3, 169, A<br \/>\n  Sant Mart\u00ed, 08005 Barcelona<br \/>\n  \u0130spanya \/ Spanien<\/p>\n<p><strong>Sorumluluk \/ Haftungsausschluss:<\/strong><br \/>\n  Bu web sitesi \u00f6zenle haz\u0131rlanm\u0131\u015ft\u0131r. Ancak i\u00e7eriklerin do\u011frulu\u011fu ve g\u00fcncelli\u011fi konusunda garanti verilmez.<br \/>\n  Diese Website wurde mit gr\u00f6\u00dfter Sorgfalt erstellt. F\u00fcr die Richtigkeit, Vollst\u00e4ndigkeit und Aktualit\u00e4t der Inhalte wird jedoch keine Gew\u00e4hr \u00fcbernommen.<\/p>\n<p><strong>Telif Hakk\u0131 \/ Urheberrecht:<\/strong><br \/>\n  \u00a9 2025 Filiz Y\u0131ld\u0131z. T\u00fcm haklar\u0131 sakl\u0131d\u0131r. \/ Alle Rechte vorbehalten.<\/p>\n<\/div>\n","protected":false},"excerpt":{"rendered":"<p>K\u00fcnye \/ Impressum Site Sahibi \/ Verantwortlich f\u00fcr den Inhalt: One Management SL \u0130leti\u015fim \/ Kontakt: E-posta \/ E-Mail: contact@filizyildiz.com E-posta \/ E-Mail: management@filizyildiz.com Telefon: +34910780234 Adres \/ Adresse: Carrer de Ramon Turr\u00f3, 169, A Sant Mart\u00ed, 08005 Barcelona \u0130spanya \/ Spanien Sorumluluk \/ Haftungsausschluss: Bu web sitesi \u00f6zenle haz\u0131rlanm\u0131\u015ft\u0131r. Ancak i\u00e7eriklerin do\u011frulu\u011fu ve g\u00fcncelli\u011fi &hellip; <\/p>\n","protected":false},"author":1,"featured_media":0,"parent":0,"menu_order":0,"comment_status":"closed","ping_status":"closed","template":"","meta":{"footnotes":""},"class_list":["post-6260","page","type-page","status-publish","hentry"],"aioseo_notices":[],"featured_media_urls":[],"_links":{"self":[{"href":"https:\/\/filizyildiz.com\/tr_tr\/wp-json\/wp\/v2\/pages\/6260","targetHints":{"allow":["GET"]}}],"collection":[{"href":"https:\/\/filizyildiz.com\/tr_tr\/wp-json\/wp\/v2\/pages"}],"about":[{"href":"https:\/\/filizyildiz.com\/tr_tr\/wp-json\/wp\/v2\/types\/page"}],"author":[{"embeddable":true,"href":"https:\/\/filizyildiz.com\/tr_tr\/wp-json\/wp\/v2\/users\/1"}],"replies":[{"embeddable":true,"href":"https:\/\/filizyildiz.com\/tr_tr\/wp-json\/wp\/v2\/comments?post=6260"}],"version-history":[{"count":9,"href":"https:\/\/filizyildiz.com\/tr_tr\/wp-json\/wp\/v2\/pages\/6260\/revisions"}],"predecessor-version":[{"id":7023,"href":"https:\/\/filizyildiz.com\/tr_tr\/wp-json\/wp\/v2\/pages\/6260\/revisions\/7023"}],"wp:attachment":[{"href":"https:\/\/filizyildiz.com\/tr_tr\/wp-json\/wp\/v2\/media?parent=6260"}],"curies":[{"name":"wp","href":"https:\/\/api.w.org\/{rel}","templated":true}]}}