{"id":6856,"date":"2025-04-23T19:02:04","date_gmt":"2025-04-23T19:02:04","guid":{"rendered":"https:\/\/filizyildiz.com\/silverstorm\/"},"modified":"2025-06-11T18:48:16","modified_gmt":"2025-06-11T18:48:16","slug":"silverstorm","status":"publish","type":"page","link":"https:\/\/filizyildiz.com\/tr_tr\/","title":{"rendered":"Ana Sayfa"},"content":{"rendered":"\n<hr class=\"wp-block-separator has-css-opacity is-style-default\"\/>\n\n\n\n<figure class=\"wp-block-gallery aligncenter has-nested-images columns-default is-cropped wp-block-gallery-1 is-layout-flex wp-block-gallery-is-layout-flex\">\n<figure class=\"wp-block-image size-large is-style-rounded\"><img loading=\"lazy\" decoding=\"async\" width=\"1024\" height=\"682\" data-id=\"7559\" src=\"https:\/\/filizyildiz.com\/wp-content\/uploads\/2025\/05\/IMG_20250519_085857-1024x682.jpg\" alt=\"\" class=\"wp-image-7559\" srcset=\"https:\/\/filizyildiz.com\/wp-content\/uploads\/2025\/05\/IMG_20250519_085857-1024x682.jpg 1024w, https:\/\/filizyildiz.com\/wp-content\/uploads\/2025\/05\/IMG_20250519_085857-600x400.jpg 600w, https:\/\/filizyildiz.com\/wp-content\/uploads\/2025\/05\/IMG_20250519_085857-300x200.jpg 300w, https:\/\/filizyildiz.com\/wp-content\/uploads\/2025\/05\/IMG_20250519_085857-768x511.jpg 768w, https:\/\/filizyildiz.com\/wp-content\/uploads\/2025\/05\/IMG_20250519_085857-1536x1023.jpg 1536w, https:\/\/filizyildiz.com\/wp-content\/uploads\/2025\/05\/IMG_20250519_085857-18x12.jpg 18w, https:\/\/filizyildiz.com\/wp-content\/uploads\/2025\/05\/IMG_20250519_085857-90x60.jpg 90w, https:\/\/filizyildiz.com\/wp-content\/uploads\/2025\/05\/IMG_20250519_085857.jpg 2000w\" sizes=\"auto, (max-width: 1024px) 100vw, 1024px\" \/><\/figure>\n<\/figure>\n\n\n\n<blockquote class=\"wp-block-quote has-text-align-center is-style-large is-layout-flow wp-block-quote-is-layout-flow\">\n<p><strong>&#8220;Bak\u0131\u015flar\u0131m Hik\u00e2yemi Yazar<br><em>\u00c7\u00fcnk\u00fc poz vermek de\u011fil, anlatmakt\u0131r mesele<\/em>.&#8221;<\/strong><\/p>\n<cite>\u2014 Filiz Y\u0131ld\u0131z<\/cite><\/blockquote>\n\n\n\n<hr class=\"wp-block-separator has-css-opacity is-style-default\"\/>\n\n\n\n<div class=\"wp-block-query is-layout-flow wp-block-query-is-layout-flow\"><ul class=\"columns-3 wp-block-post-template is-layout-grid wp-container-core-post-template-is-layout-2fc57c17 wp-block-post-template-is-layout-grid\"><li class=\"wp-block-post post-8012 post type-post status-publish format-standard has-post-thumbnail hentry category-blog\">\n\n<div class=\"wp-block-group\" style=\"padding-top:30px;padding-right:30px;padding-bottom:30px;padding-left:30px\"><div class=\"wp-block-group__inner-container is-layout-flow wp-block-group-is-layout-flow\"><h2 class=\"wp-block-post-title\"><a href=\"https:\/\/filizyildiz.com\/tr_tr\/aldilar-gonlumu-verdiler-ellere-sarkinin-hikayesi\/\" target=\"_self\" >Ald\u0131lar G\u00f6nl\u00fcm\u00fc Verdiler Ellere \u2013 \u015eark\u0131n\u0131n Hikayesi<\/a><\/h2>\n\n<div class=\"wp-block-post-excerpt\"><p class=\"wp-block-post-excerpt__excerpt\">\ud83c\udfb5 Ald\u0131lar G\u00f6nl\u00fcm\u00fc Verdiler Ellere \u2013 \u015eark\u0131n\u0131n Hikayesi \ud83c\udfb5 Bu \u015fark\u0131, uzun zamand\u0131r i\u00e7imde b\u00fcy\u00fcyen bir duygunun, bir yar\u0131m kalm\u0131\u015fl\u0131\u011f\u0131n sesi oldu. Yazarken o kadar \u00e7ok susturmaya \u00e7al\u0131\u015ft\u0131\u011f\u0131m \u015fey kalbimden d\u00f6k\u00fcld\u00fc ki\u2026 Bir g\u00fcn hepimizin elinden kay\u0131p giden, geride sessiz bir s\u0131z\u0131 b\u0131rakan bir \u015feyler oluyor. \u0130\u015fte tam da onun anlat\u0131s\u0131 bu. Ald\u0131lar g\u00f6nl\u00fcm\u00fc verdiler&hellip; <\/p><\/div>\n\n<div class=\"wp-block-post-date\"><time datetime=\"2025-07-06T00:22:35+00:00\">Temmuz 6, 2025<\/time><\/div><\/div><\/div>\n\n<\/li><li class=\"wp-block-post post-7994 post type-post status-publish format-standard has-post-thumbnail hentry category-blog\">\n\n<div class=\"wp-block-group\" style=\"padding-top:30px;padding-right:30px;padding-bottom:30px;padding-left:30px\"><div class=\"wp-block-group__inner-container is-layout-flow wp-block-group-is-layout-flow\"><h2 class=\"wp-block-post-title\"><a href=\"https:\/\/filizyildiz.com\/tr_tr\/bir-defterin-sayfalarinda-yankilanan-hakikat\/\" target=\"_self\" >Bir Defterin Sayfalar\u0131nda Yank\u0131lanan Hakikat<\/a><\/h2>\n\n<div class=\"wp-block-post-excerpt\"><p class=\"wp-block-post-excerpt__excerpt\">Bazen bir \u015fark\u0131 yaln\u0131zca duyulmaz, hissedilir. Bir damla g\u00f6zya\u015f\u0131 gibi s\u00fcz\u00fcl\u00fcr kalbe, bir yara gibi s\u0131zlar i\u00e7e. Filiz Y\u0131ld\u0131z&#8217;\u0131n ilk defa konservatuvar destekli bir ekip ile seslendirdi\u011fi ve s\u00f6z-m\u00fczik yazarl\u0131\u011f\u0131n\u0131 da \u00fcstlendi\u011fi &#8220;Yalan D\u00fcnya Defteri&#8221;, bu derin s\u00f6zlerin, yak\u0131c\u0131 melodilerin ve toplumsal duyarl\u0131\u011f\u0131n bir araya geldi\u011fi unutulmaz bir halk-\u00f6zg\u00fcn tarz par\u00e7a olarak dinleyiciyle bulu\u015fuyor. \u015eark\u0131n\u0131n&hellip; <\/p><\/div>\n\n<div class=\"wp-block-post-date\"><time datetime=\"2025-06-17T19:54:10+00:00\">Haziran 17, 2025<\/time><\/div><\/div><\/div>\n\n<\/li><li class=\"wp-block-post post-7945 post type-post status-publish format-standard has-post-thumbnail hentry category-blog\">\n\n<div class=\"wp-block-group\" style=\"padding-top:30px;padding-right:30px;padding-bottom:30px;padding-left:30px\"><div class=\"wp-block-group__inner-container is-layout-flow wp-block-group-is-layout-flow\"><h2 class=\"wp-block-post-title\"><a href=\"https:\/\/filizyildiz.com\/tr_tr\/sessiz-gucun-sanati-minimalizmin-zamansiz-dili\/\" target=\"_self\" >Sessiz G\u00fcc\u00fcn Sanat\u0131, Minimalizmin Zamans\u0131z Dili<\/a><\/h2>\n\n<div class=\"wp-block-post-excerpt\"><p class=\"wp-block-post-excerpt__excerpt\">Minimalizmin G\u00fcc\u00fc: Moda \u00c7ekimlerinde Zamans\u0131z Bir Anlat\u0131 Moda, yaln\u0131zca giysi se\u00e7imlerinden ibaret de\u011fildir\u2014bir kimlik, bir duru\u015f ve bir hik\u00e2ye anlatma bi\u00e7imidir. Bu foto\u011fraf serisi, minimalist modan\u0131n zamans\u0131z g\u00fcc\u00fcn\u00fc ve sadeli\u011fin i\u00e7indeki derinli\u011fi vurguluyor. Rus k\u00f6kenli foto\u011fraf\u00e7\u0131 Stephan Meyer taraf\u0131ndan y\u00f6netilen \u00e7ekimler, Berlin\u2019deki st\u00fcdyo ortam\u0131nda, estetik b\u00fct\u00fcnl\u00fc\u011f\u00fc ve g\u00f6rsel netli\u011fi \u00f6n plana \u00e7\u0131karmak \u00fczere tasarland\u0131. Minimalizm,&hellip; <\/p><\/div>\n\n<div class=\"wp-block-post-date\"><time datetime=\"2025-06-11T17:59:45+00:00\">Haziran 11, 2025<\/time><\/div><\/div><\/div>\n\n<\/li><li class=\"wp-block-post post-7940 post type-post status-publish format-standard has-post-thumbnail hentry category-flzyldz\">\n\n<div class=\"wp-block-group\" style=\"padding-top:30px;padding-right:30px;padding-bottom:30px;padding-left:30px\"><div class=\"wp-block-group__inner-container is-layout-flow wp-block-group-is-layout-flow\"><h2 class=\"wp-block-post-title\"><a href=\"https:\/\/filizyildiz.com\/tr_tr\/gucun-bedeni-giydigi-an\/\" target=\"_self\" >&#8220;G\u00fcc\u00fcn Bedeni Giydi\u011fi An&#8221;<\/a><\/h2>\n\n<div class=\"wp-block-post-excerpt\"><p class=\"wp-block-post-excerpt__excerpt\">Bazen bir bak\u0131\u015f, bazen bir duru\u015f her \u015feyi anlat\u0131r.Bu \u00e7ekim, bir moda hik\u00e2yesinden fazlas\u0131.Sadeli\u011fin ortas\u0131nda netlik, detaylarda karakter gizli.Kuma\u015f\u0131n k\u0131vr\u0131m\u0131, omuz \u00e7izgisinin keskinli\u011fi, bir ad\u0131m\u0131n a\u011f\u0131rl\u0131\u011f\u0131\u2026Hepsi ayn\u0131 c\u00fcmleyi s\u00f6yl\u00fcyor: \u201cBuraday\u0131m.\u201d K\u0131rm\u0131z\u0131, dikkat \u00e7ekmek i\u00e7in de\u011fil; konu\u015fmadan anlatmak i\u00e7in.Cesaretin, tutkunun ve derinli\u011fin rengi.Bedenin \u00fczerinde de\u011fil; y\u00fcr\u00fcy\u00fc\u015f\u00fcnde, bak\u0131\u015f\u0131nda, duru\u015funda ta\u015f\u0131d\u0131\u011f\u0131n bir etki. Alt\u0131n, g\u00f6steri\u015f de\u011fil; de\u011fer hissi.Kendine&hellip; <\/p><\/div>\n\n<div class=\"wp-block-post-date\"><time datetime=\"2025-06-11T17:10:16+00:00\">Haziran 11, 2025<\/time><\/div><\/div><\/div>\n\n<\/li><li class=\"wp-block-post post-7725 post type-post status-publish format-standard has-post-thumbnail hentry category-blog\">\n\n<div class=\"wp-block-group\" style=\"padding-top:30px;padding-right:30px;padding-bottom:30px;padding-left:30px\"><div class=\"wp-block-group__inner-container is-layout-flow wp-block-group-is-layout-flow\"><h2 class=\"wp-block-post-title\"><a href=\"https:\/\/filizyildiz.com\/tr_tr\/renklerin-hikayesi-dort-ruh-tek-kadin\/\" target=\"_self\" >\u201cRenklerin Hik\u00e2yesi: D\u00f6rt Ruh, Tek Kad\u0131n\u201d<\/a><\/h2>\n\n<div class=\"wp-block-post-excerpt\"><p class=\"wp-block-post-excerpt__excerpt\">Moda bir ifadedir. Bazen kelimeler yetmez ve renkler konu\u015fur. Bu seride, d\u00f6rt farkl\u0131 tonla d\u00f6rt ruh h\u00e2lini giydim. Her bir k\u0131yafet, bir duygunun sesi oldu. Her poz, bir i\u00e7sel h\u00e2lin d\u0131\u015favurumu. Siyah \u2013 G\u00fc\u00e7 ve AsaletZarif dantel dokular\u0131n siyahla birle\u015fti\u011fi ilk g\u00f6r\u00fcn\u00fcmde, kendimi karanl\u0131\u011f\u0131n i\u00e7indeki netli\u011fe teslim ettim. Siyah her zaman bir duru\u015ftur. G\u00fc\u00e7l\u00fc, kendinden&hellip; <\/p><\/div>\n\n<div class=\"wp-block-post-date\"><time datetime=\"2025-06-02T21:25:23+00:00\">Haziran 2, 2025<\/time><\/div><\/div><\/div>\n\n<\/li><li class=\"wp-block-post post-7572 post type-post status-publish format-standard has-post-thumbnail hentry category-blog\">\n\n<div class=\"wp-block-group\" style=\"padding-top:30px;padding-right:30px;padding-bottom:30px;padding-left:30px\"><div class=\"wp-block-group__inner-container is-layout-flow wp-block-group-is-layout-flow\"><h2 class=\"wp-block-post-title\"><a href=\"https:\/\/filizyildiz.com\/tr_tr\/limassolun-catilarinda\/\" target=\"_self\" >Limassol\u2019un \u00c7at\u0131lar\u0131nda: Akdeniz I\u015f\u0131\u011f\u0131nda Dayan\u0131kl\u0131l\u0131k<\/a><\/h2>\n\n<div class=\"wp-block-post-excerpt\"><p class=\"wp-block-post-excerpt__excerpt\">Ge\u00e7ti\u011fimiz g\u00fcnlerde G\u00fcney K\u0131br\u0131s\u2019\u0131n b\u00fcy\u00fcleyici sahil \u015fehri Limassol\u2019da, Akdeniz g\u00fcne\u015fiyle i\u00e7 i\u00e7e ge\u00e7en bir moda \u00e7ekimi ger\u00e7ekle\u015ftirdik. \u015eehir silueti, g\u00fcne\u015fin alt\u0131n yans\u0131malar\u0131 ve s\u0131cakla s\u0131nanan bir bedenin hikayesi&#8230; Bu \u00e7ekim, yaln\u0131zca estetik bir g\u00f6rsel sunmakla kalmad\u0131; ayn\u0131 zamanda sabr\u0131n, dayan\u0131kl\u0131l\u0131\u011f\u0131n ve tutkuyla yap\u0131lan i\u015fin arkas\u0131ndaki ger\u00e7ekli\u011fi de ortaya koydu. \u00c7ekim Konsepti: Azla G\u00fc\u00e7l\u00fc Olmak Sade&hellip; <\/p><\/div>\n\n<div class=\"wp-block-post-date\"><time datetime=\"2025-05-21T00:36:37+00:00\">May\u0131s 21, 2025<\/time><\/div><\/div><\/div>\n\n<\/li><\/ul><\/div>\n","protected":false},"excerpt":{"rendered":"<p>&#8220;Bak\u0131\u015flar\u0131m Hik\u00e2yemi Yazar\u00c7\u00fcnk\u00fc poz vermek de\u011fil, anlatmakt\u0131r mesele.&#8221; \u2014 Filiz Y\u0131ld\u0131z<\/p>\n","protected":false},"author":1,"featured_media":0,"parent":0,"menu_order":0,"comment_status":"closed","ping_status":"closed","template":"","meta":{"footnotes":""},"class_list":["post-6856","page","type-page","status-publish","hentry"],"aioseo_notices":[],"featured_media_urls":[],"_links":{"self":[{"href":"https:\/\/filizyildiz.com\/tr_tr\/wp-json\/wp\/v2\/pages\/6856","targetHints":{"allow":["GET"]}}],"collection":[{"href":"https:\/\/filizyildiz.com\/tr_tr\/wp-json\/wp\/v2\/pages"}],"about":[{"href":"https:\/\/filizyildiz.com\/tr_tr\/wp-json\/wp\/v2\/types\/page"}],"author":[{"embeddable":true,"href":"https:\/\/filizyildiz.com\/tr_tr\/wp-json\/wp\/v2\/users\/1"}],"replies":[{"embeddable":true,"href":"https:\/\/filizyildiz.com\/tr_tr\/wp-json\/wp\/v2\/comments?post=6856"}],"version-history":[{"count":49,"href":"https:\/\/filizyildiz.com\/tr_tr\/wp-json\/wp\/v2\/pages\/6856\/revisions"}],"predecessor-version":[{"id":7969,"href":"https:\/\/filizyildiz.com\/tr_tr\/wp-json\/wp\/v2\/pages\/6856\/revisions\/7969"}],"wp:attachment":[{"href":"https:\/\/filizyildiz.com\/tr_tr\/wp-json\/wp\/v2\/media?parent=6856"}],"curies":[{"name":"wp","href":"https:\/\/api.w.org\/{rel}","templated":true}]}}